{"id":106,"date":"2025-02-03T13:01:37","date_gmt":"2025-02-03T13:01:37","guid":{"rendered":"https:\/\/eegsg.gr\/?page_id=106"},"modified":"2025-02-11T15:41:16","modified_gmt":"2025-02-11T15:41:16","slug":"imerides-simbosia","status":"publish","type":"page","link":"https:\/\/eegsg.gr\/index.php\/imerides-simbosia\/","title":{"rendered":"\u0397\u03bc\u03b5\u03c1\u03af\u03b4\u03b5\u03c2 &#8211; \u03a3\u03c5\u03bc\u03c0\u03cc\u03c3\u03b9\u03b1"},"content":{"rendered":"<div class=\"wpb-content-wrapper\"><p>[vc_row][vc_column]<div id=\"ultimate-heading-109969f55d14c07c8\" class=\"uvc-heading ult-adjust-bottom-margin ultimate-heading-109969f55d14c07c8 uvc-8965  uvc-heading-default-font-sizes\" data-hspacer=\"no_spacer\"  data-halign=\"left\" style=\"text-align:left\"><div class=\"uvc-heading-spacer no_spacer\" style=\"top\"><\/div><div class=\"uvc-main-heading ult-responsive\"  data-ultimate-target='.uvc-heading.ultimate-heading-109969f55d14c07c8 h4'  data-responsive-json-new='{\"font-size\":\"\",\"line-height\":\"\"}' ><h4 style=\"font-weight:bold;color:#BB5F38;\">\u0397\u03bc\u03b5\u03c1\u03af\u03b4\u03b5\u03c2<\/h4><\/div><\/div>[vc_empty_space height=&#8221;10px&#8221;][vc_separator css=&#8221;&#8221;][vc_empty_space height=&#8221;7px&#8221;][vc_column_text css=&#8221;&#8221;]<\/p>\n<ol>\n<li><em>\u038c\u03c8\u03b5\u03b9\u03c2 \u03c4\u03b7\u03c2 \u03c3\u03c7\u03ad\u03c3\u03b7\u03c2 \u03bc\u03bf\u03bd\u03c4\u03ad\u03c1\u03bd\u03bf &#8211; \u03bc\u03b5\u03c4\u03b1\u03bc\u03bf\u03bd\u03c4\u03ad\u03c1\u03bd\u03bf \u03c3\u03ae\u03bc\u03b5\u03c1\u03b1<\/em>, \u0391\u03b8\u03ae\u03bd\u03b1, 2 \u039c\u03b1\u03c1\u03c4\u03af\u03bf\u03c5 2008.<\/li>\n<li>\u03a4\u03b9\u03bc\u03b7\u03c4\u03b9\u03ba\u03ae \u03b5\u03ba\u03b4\u03ae\u03bb\u03c9\u03c3\u03b7 \u03c3\u03c4\u03bf\u03bd \u0395\u03bc\u03bc\u03b1\u03bd\u03bf\u03c5\u03ae\u03bb \u039a\u03c1\u03b9\u03b1\u03c1\u03ac, \u0391\u03b8\u03ae\u03bd\u03b1, 18 \u0399\u03bf\u03c5\u03bd\u03af\u03bf\u03c5 2004.<\/li>\n<li>\u039f \u03bc\u03cd\u03b8\u03bf\u03c2 \u03c4\u03bf\u03c5 \u039f\u03c1\u03c6\u03ad\u03b1 \u03c3\u03c4\u03b7 \u03bb\u03bf\u03b3\u03bf\u03c4\u03b5\u03c7\u03bd\u03af\u03b1 \u03ba\u03b1\u03b9 \u03c3\u03c4\u03b9\u03c2 \u03ac\u03bb\u03bb\u03b5\u03c2 \u03c4\u03ad\u03c7\u03bd\u03b5\u03c2, \u0391\u03b8\u03ae\u03bd\u03b1, 17 \u0399\u03b1\u03bd\u03bf\u03c5\u03b1\u03c1\u03af\u03bf\u03c5 1998.<\/li>\n<li>\u03a3\u03cd\u03b3\u03c7\u03c1\u03bf\u03bd\u03b5\u03c2 \u03c4\u03ac\u03c3\u03b5\u03b9\u03c2 \u03c4\u03b7\u03c2 \u03a3\u03c5\u03b3\u03ba\u03c1\u03b9\u03c4\u03b9\u03ba\u03ae\u03c2 \u0393\u03c1\u03b1\u03bc\u03bc\u03b1\u03c4\u03bf\u03bb\u03bf\u03b3\u03af\u03b1\u03c2, \u0391\u03b8\u03ae\u03bd\u03b1, 18 \u039f\u03ba\u03c4\u03c9\u03b2\u03c1\u03af\u03bf\u03c5 1997.<\/li>\n<li>\u03a4\u03bf \u03c0\u03bf\u03c1\u03c4\u03bf\u03b3\u03b1\u03bb\u03b9\u03ba\u03cc \u03ba\u03b1\u03b9 \u03c4\u03bf \u03b5\u03bb\u03bb\u03b7\u03bd\u03b9\u03ba\u03cc \u03bc\u03b5\u03c4\u03b1\u03c0\u03bf\u03bb\u03b5\u03bc\u03b9\u03ba\u03cc \u03bc\u03c5\u03b8\u03b9\u03c3\u03c4\u03cc\u03c1\u03b7\u03bc\u03b1, \u0391\u03b8\u03ae\u03bd\u03b1, 5 \u0394\u03b5\u03ba\u03b5\u03bc\u03b2\u03c1\u03af\u03bf\u03c5 1993.<\/li>\n<\/ol>\n<p>[\/vc_column_text]<div id=\"ultimate-heading-610269f55d14c07fb\" class=\"uvc-heading ult-adjust-bottom-margin ultimate-heading-610269f55d14c07fb uvc-3974  uvc-heading-default-font-sizes\" data-hspacer=\"no_spacer\"  data-halign=\"left\" style=\"text-align:left\"><div class=\"uvc-heading-spacer no_spacer\" style=\"top\"><\/div><div class=\"uvc-main-heading ult-responsive\"  data-ultimate-target='.uvc-heading.ultimate-heading-610269f55d14c07fb h4'  data-responsive-json-new='{\"font-size\":\"\",\"line-height\":\"\"}' ><h4 style=\"font-weight:bold;color:#BB5F38;\">\u03a3\u03c5\u03bc\u03c0\u03cc\u03c3\u03b9\u03b1<\/h4><\/div><\/div>[vc_empty_space height=&#8221;10px&#8221;][vc_separator css=&#8221;&#8221;][vc_empty_space height=&#8221;7px&#8221;][vc_column_text css=&#8221;&#8221;]<\/p>\n<ol>\n<li>\u039f \u039d\u03b1\u03c4\u03bf\u03c5\u03c1\u03b1\u03bb\u03b9\u03c3\u03bc\u03cc\u03c2 \u03c3\u03c4\u03b7\u03bd \u0395\u03bb\u03bb\u03ac\u03b4\u03b1: \u0394\u03b9\u03b1\u03c3\u03c4\u03ac\u03c3\u03b5\u03b9\u03c2 &#8211; \u039c\u03b5\u03c4\u03b1\u03c3\u03c7\u03b7\u03bc\u03b1\u03c4\u03b9\u03c3\u03bc\u03bf\u03af &#8211; \u038c\u03c1\u03b9\u03b1, \u0391\u03b8\u03ae\u03bd\u03b1, 14-15 \u0394\u03b5\u03ba\u03b5\u03bc\u03b2\u03c1\u03af\u03bf\u03c5 2001.<\/li>\n<li><em>Expressions et repr\u00e9sentations litt\u00e9raires de la M\u00e9diterran\u00e9e:<\/em> Iles et ports, XVIe-XXe siecles (\u03c3\u03b5 \u03c3\u03c5\u03bd\u03b5\u03c1\u03b3\u03b1\u03c3\u03af\u03b1 \u03bc\u03b5 \u03c4\u03b7\u03bd Association Internationale de Litt\u00e9rature Compar\u00e9e), \u0395\u03c5\u03c1\u03c9\u03c0\u03b1\u03ca\u03ba\u03cc \u03a0\u03bf\u03bb\u03b9\u03c4\u03b9\u03c3\u03c4\u03b9\u03ba\u03cc \u039a\u03ad\u03bd\u03c4\u03c1\u03bf \u0394\u03b5\u03bb\u03c6\u03ce\u03bd, 5-6 \u039d\u03bf\u03b5\u03bc\u03b2\u03c1\u03af\u03bf\u03c5 1999.<\/li>\n<\/ol>\n<p>[\/vc_column_text][\/vc_column][\/vc_row]<\/p>\n<\/div>","protected":false},"excerpt":{"rendered":"<p>[vc_row][vc_column][vc_empty_space height=&#8221;10px&#8221;][vc_separator css=&#8221;&#8221;][vc_empty_space height=&#8221;7px&#8221;][vc_column_text css=&#8221;&#8221;] \u038c\u03c8\u03b5\u03b9\u03c2 \u03c4\u03b7\u03c2 \u03c3\u03c7\u03ad\u03c3\u03b7\u03c2 \u03bc\u03bf\u03bd\u03c4\u03ad\u03c1\u03bd\u03bf &#8211; \u03bc\u03b5\u03c4\u03b1\u03bc\u03bf\u03bd\u03c4\u03ad\u03c1\u03bd\u03bf \u03c3\u03ae\u03bc\u03b5\u03c1\u03b1, \u0391\u03b8\u03ae\u03bd\u03b1, 2 \u039c\u03b1\u03c1\u03c4\u03af\u03bf\u03c5 2008. \u03a4\u03b9\u03bc\u03b7\u03c4\u03b9\u03ba\u03ae \u03b5\u03ba\u03b4\u03ae\u03bb\u03c9\u03c3\u03b7 \u03c3\u03c4\u03bf\u03bd \u0395\u03bc\u03bc\u03b1\u03bd\u03bf\u03c5\u03ae\u03bb \u039a\u03c1\u03b9\u03b1\u03c1\u03ac, \u0391\u03b8\u03ae\u03bd\u03b1, 18 \u0399\u03bf\u03c5\u03bd\u03af\u03bf\u03c5 2004. \u039f \u03bc\u03cd\u03b8\u03bf\u03c2 \u03c4\u03bf\u03c5 \u039f\u03c1\u03c6\u03ad\u03b1 \u03c3\u03c4\u03b7 \u03bb\u03bf\u03b3\u03bf\u03c4\u03b5\u03c7\u03bd\u03af\u03b1 \u03ba\u03b1\u03b9 \u03c3\u03c4\u03b9\u03c2 \u03ac\u03bb\u03bb\u03b5\u03c2 \u03c4\u03ad\u03c7\u03bd\u03b5\u03c2, \u0391\u03b8\u03ae\u03bd\u03b1, 17 \u0399\u03b1\u03bd\u03bf\u03c5\u03b1\u03c1\u03af\u03bf\u03c5 1998. \u03a3\u03cd\u03b3\u03c7\u03c1\u03bf\u03bd\u03b5\u03c2 \u03c4\u03ac\u03c3\u03b5\u03b9\u03c2 \u03c4\u03b7\u03c2 \u03a3\u03c5\u03b3\u03ba\u03c1\u03b9\u03c4\u03b9\u03ba\u03ae\u03c2 \u0393\u03c1\u03b1\u03bc\u03bc\u03b1\u03c4\u03bf\u03bb\u03bf\u03b3\u03af\u03b1\u03c2, \u0391\u03b8\u03ae\u03bd\u03b1, 18 \u039f\u03ba\u03c4\u03c9\u03b2\u03c1\u03af\u03bf\u03c5 1997. \u03a4\u03bf \u03c0\u03bf\u03c1\u03c4\u03bf\u03b3\u03b1\u03bb\u03b9\u03ba\u03cc \u03ba\u03b1\u03b9 \u03c4\u03bf \u03b5\u03bb\u03bb\u03b7\u03bd\u03b9\u03ba\u03cc \u03bc\u03b5\u03c4\u03b1\u03c0\u03bf\u03bb\u03b5\u03bc\u03b9\u03ba\u03cc \u03bc\u03c5\u03b8\u03b9\u03c3\u03c4\u03cc\u03c1\u03b7\u03bc\u03b1,&hellip;<\/p>\n","protected":false},"author":1,"featured_media":0,"parent":0,"menu_order":0,"comment_status":"closed","ping_status":"closed","template":"","meta":{"footnotes":""},"class_list":["post-106","page","type-page","status-publish","hentry","description-off"],"yoast_head":"<!-- This site is optimized with the Yoast SEO plugin v24.3 - https:\/\/yoast.com\/wordpress\/plugins\/seo\/ -->\n<title>\u0397\u03bc\u03b5\u03c1\u03af\u03b4\u03b5\u03c2 - \u03a3\u03c5\u03bc\u03c0\u03cc\u03c3\u03b9\u03b1 - \u0395\u039b\u039b\u0397\u039d\u0399\u039a\u0397 \u0395\u03a4\u0391\u0399\u03a1\u0395\u0399\u0391 \u0393\u0395\u039d\u0399\u039a\u0397\u03a3 \u039a\u0391\u0399 \u03a3\u03a5\u0393\u039a\u03a1\u0399\u03a4\u0399\u039a\u0397\u03a3 \u0393\u03a1\u0391\u039c\u039c\u0391\u03a4\u039f\u039b\u039f\u0393\u0399\u0391\u03a3<\/title>\n<meta name=\"robots\" content=\"index, follow, max-snippet:-1, max-image-preview:large, max-video-preview:-1\" \/>\n<link rel=\"canonical\" href=\"https:\/\/eegsg.gr\/index.php\/imerides-simbosia\/\" \/>\n<meta property=\"og:locale\" content=\"el_GR\" \/>\n<meta property=\"og:type\" content=\"article\" \/>\n<meta property=\"og:title\" content=\"\u0397\u03bc\u03b5\u03c1\u03af\u03b4\u03b5\u03c2 - \u03a3\u03c5\u03bc\u03c0\u03cc\u03c3\u03b9\u03b1 - \u0395\u039b\u039b\u0397\u039d\u0399\u039a\u0397 \u0395\u03a4\u0391\u0399\u03a1\u0395\u0399\u0391 \u0393\u0395\u039d\u0399\u039a\u0397\u03a3 \u039a\u0391\u0399 \u03a3\u03a5\u0393\u039a\u03a1\u0399\u03a4\u0399\u039a\u0397\u03a3 \u0393\u03a1\u0391\u039c\u039c\u0391\u03a4\u039f\u039b\u039f\u0393\u0399\u0391\u03a3\" \/>\n<meta property=\"og:description\" content=\"[vc_row][vc_column][vc_empty_space height=&#8221;10px&#8221;][vc_separator css=&#8221;&#8221;][vc_empty_space height=&#8221;7px&#8221;][vc_column_text css=&#8221;&#8221;] \u038c\u03c8\u03b5\u03b9\u03c2 \u03c4\u03b7\u03c2 \u03c3\u03c7\u03ad\u03c3\u03b7\u03c2 \u03bc\u03bf\u03bd\u03c4\u03ad\u03c1\u03bd\u03bf &#8211; \u03bc\u03b5\u03c4\u03b1\u03bc\u03bf\u03bd\u03c4\u03ad\u03c1\u03bd\u03bf \u03c3\u03ae\u03bc\u03b5\u03c1\u03b1, \u0391\u03b8\u03ae\u03bd\u03b1, 2 \u039c\u03b1\u03c1\u03c4\u03af\u03bf\u03c5 2008. \u03a4\u03b9\u03bc\u03b7\u03c4\u03b9\u03ba\u03ae \u03b5\u03ba\u03b4\u03ae\u03bb\u03c9\u03c3\u03b7 \u03c3\u03c4\u03bf\u03bd \u0395\u03bc\u03bc\u03b1\u03bd\u03bf\u03c5\u03ae\u03bb \u039a\u03c1\u03b9\u03b1\u03c1\u03ac, \u0391\u03b8\u03ae\u03bd\u03b1, 18 \u0399\u03bf\u03c5\u03bd\u03af\u03bf\u03c5 2004. \u039f \u03bc\u03cd\u03b8\u03bf\u03c2 \u03c4\u03bf\u03c5 \u039f\u03c1\u03c6\u03ad\u03b1 \u03c3\u03c4\u03b7 \u03bb\u03bf\u03b3\u03bf\u03c4\u03b5\u03c7\u03bd\u03af\u03b1 \u03ba\u03b1\u03b9 \u03c3\u03c4\u03b9\u03c2 \u03ac\u03bb\u03bb\u03b5\u03c2 \u03c4\u03ad\u03c7\u03bd\u03b5\u03c2, \u0391\u03b8\u03ae\u03bd\u03b1, 17 \u0399\u03b1\u03bd\u03bf\u03c5\u03b1\u03c1\u03af\u03bf\u03c5 1998. \u03a3\u03cd\u03b3\u03c7\u03c1\u03bf\u03bd\u03b5\u03c2 \u03c4\u03ac\u03c3\u03b5\u03b9\u03c2 \u03c4\u03b7\u03c2 \u03a3\u03c5\u03b3\u03ba\u03c1\u03b9\u03c4\u03b9\u03ba\u03ae\u03c2 \u0393\u03c1\u03b1\u03bc\u03bc\u03b1\u03c4\u03bf\u03bb\u03bf\u03b3\u03af\u03b1\u03c2, \u0391\u03b8\u03ae\u03bd\u03b1, 18 \u039f\u03ba\u03c4\u03c9\u03b2\u03c1\u03af\u03bf\u03c5 1997. \u03a4\u03bf \u03c0\u03bf\u03c1\u03c4\u03bf\u03b3\u03b1\u03bb\u03b9\u03ba\u03cc \u03ba\u03b1\u03b9 \u03c4\u03bf \u03b5\u03bb\u03bb\u03b7\u03bd\u03b9\u03ba\u03cc \u03bc\u03b5\u03c4\u03b1\u03c0\u03bf\u03bb\u03b5\u03bc\u03b9\u03ba\u03cc \u03bc\u03c5\u03b8\u03b9\u03c3\u03c4\u03cc\u03c1\u03b7\u03bc\u03b1,&hellip;\" \/>\n<meta property=\"og:url\" content=\"https:\/\/eegsg.gr\/index.php\/imerides-simbosia\/\" \/>\n<meta property=\"og:site_name\" content=\"\u0395\u039b\u039b\u0397\u039d\u0399\u039a\u0397 \u0395\u03a4\u0391\u0399\u03a1\u0395\u0399\u0391 \u0393\u0395\u039d\u0399\u039a\u0397\u03a3 \u039a\u0391\u0399 \u03a3\u03a5\u0393\u039a\u03a1\u0399\u03a4\u0399\u039a\u0397\u03a3 \u0393\u03a1\u0391\u039c\u039c\u0391\u03a4\u039f\u039b\u039f\u0393\u0399\u0391\u03a3\" \/>\n<meta property=\"article:modified_time\" content=\"2025-02-11T15:41:16+00:00\" \/>\n<meta name=\"twitter:card\" content=\"summary_large_image\" \/>\n<meta name=\"twitter:label1\" content=\"\u0395\u03ba\u03c4\u03b9\u03bc\u03ce\u03bc\u03b5\u03bd\u03bf\u03c2 \u03c7\u03c1\u03cc\u03bd\u03bf\u03c2 \u03b1\u03bd\u03ac\u03b3\u03bd\u03c9\u03c3\u03b7\u03c2\" \/>\n\t<meta name=\"twitter:data1\" content=\"1 \u03bb\u03b5\u03c0\u03c4\u03cc\" \/>\n<script type=\"application\/ld+json\" class=\"yoast-schema-graph\">{\"@context\":\"https:\/\/schema.org\",\"@graph\":[{\"@type\":\"WebPage\",\"@id\":\"https:\/\/eegsg.gr\/index.php\/imerides-simbosia\/\",\"url\":\"https:\/\/eegsg.gr\/index.php\/imerides-simbosia\/\",\"name\":\"\u0397\u03bc\u03b5\u03c1\u03af\u03b4\u03b5\u03c2 - \u03a3\u03c5\u03bc\u03c0\u03cc\u03c3\u03b9\u03b1 - \u0395\u039b\u039b\u0397\u039d\u0399\u039a\u0397 \u0395\u03a4\u0391\u0399\u03a1\u0395\u0399\u0391 \u0393\u0395\u039d\u0399\u039a\u0397\u03a3 \u039a\u0391\u0399 \u03a3\u03a5\u0393\u039a\u03a1\u0399\u03a4\u0399\u039a\u0397\u03a3 \u0393\u03a1\u0391\u039c\u039c\u0391\u03a4\u039f\u039b\u039f\u0393\u0399\u0391\u03a3\",\"isPartOf\":{\"@id\":\"https:\/\/eegsg.gr\/#website\"},\"datePublished\":\"2025-02-03T13:01:37+00:00\",\"dateModified\":\"2025-02-11T15:41:16+00:00\",\"breadcrumb\":{\"@id\":\"https:\/\/eegsg.gr\/index.php\/imerides-simbosia\/#breadcrumb\"},\"inLanguage\":\"el\",\"potentialAction\":[{\"@type\":\"ReadAction\",\"target\":[\"https:\/\/eegsg.gr\/index.php\/imerides-simbosia\/\"]}]},{\"@type\":\"BreadcrumbList\",\"@id\":\"https:\/\/eegsg.gr\/index.php\/imerides-simbosia\/#breadcrumb\",\"itemListElement\":[{\"@type\":\"ListItem\",\"position\":1,\"name\":\"\u0391\u03c1\u03c7\u03b9\u03ba\u03ae\",\"item\":\"https:\/\/eegsg.gr\/\"},{\"@type\":\"ListItem\",\"position\":2,\"name\":\"\u0397\u03bc\u03b5\u03c1\u03af\u03b4\u03b5\u03c2 &#8211; \u03a3\u03c5\u03bc\u03c0\u03cc\u03c3\u03b9\u03b1\"}]},{\"@type\":\"WebSite\",\"@id\":\"https:\/\/eegsg.gr\/#website\",\"url\":\"https:\/\/eegsg.gr\/\",\"name\":\"\u0395\u039b\u039b\u0397\u039d\u0399\u039a\u0397 \u0395\u03a4\u0391\u0399\u03a1\u0395\u0399\u0391 \u0393\u0395\u039d\u0399\u039a\u0397\u03a3 \u039a\u0391\u0399 \u03a3\u03a5\u0393\u039a\u03a1\u0399\u03a4\u0399\u039a\u0397\u03a3 \u0393\u03a1\u0391\u039c\u039c\u0391\u03a4\u039f\u039b\u039f\u0393\u0399\u0391\u03a3\",\"description\":\"\",\"potentialAction\":[{\"@type\":\"SearchAction\",\"target\":{\"@type\":\"EntryPoint\",\"urlTemplate\":\"https:\/\/eegsg.gr\/?s={search_term_string}\"},\"query-input\":{\"@type\":\"PropertyValueSpecification\",\"valueRequired\":true,\"valueName\":\"search_term_string\"}}],\"inLanguage\":\"el\"}]}<\/script>\n<!-- \/ Yoast SEO plugin. -->","yoast_head_json":{"title":"\u0397\u03bc\u03b5\u03c1\u03af\u03b4\u03b5\u03c2 - \u03a3\u03c5\u03bc\u03c0\u03cc\u03c3\u03b9\u03b1 - \u0395\u039b\u039b\u0397\u039d\u0399\u039a\u0397 \u0395\u03a4\u0391\u0399\u03a1\u0395\u0399\u0391 \u0393\u0395\u039d\u0399\u039a\u0397\u03a3 \u039a\u0391\u0399 \u03a3\u03a5\u0393\u039a\u03a1\u0399\u03a4\u0399\u039a\u0397\u03a3 \u0393\u03a1\u0391\u039c\u039c\u0391\u03a4\u039f\u039b\u039f\u0393\u0399\u0391\u03a3","robots":{"index":"index","follow":"follow","max-snippet":"max-snippet:-1","max-image-preview":"max-image-preview:large","max-video-preview":"max-video-preview:-1"},"canonical":"https:\/\/eegsg.gr\/index.php\/imerides-simbosia\/","og_locale":"el_GR","og_type":"article","og_title":"\u0397\u03bc\u03b5\u03c1\u03af\u03b4\u03b5\u03c2 - \u03a3\u03c5\u03bc\u03c0\u03cc\u03c3\u03b9\u03b1 - \u0395\u039b\u039b\u0397\u039d\u0399\u039a\u0397 \u0395\u03a4\u0391\u0399\u03a1\u0395\u0399\u0391 \u0393\u0395\u039d\u0399\u039a\u0397\u03a3 \u039a\u0391\u0399 \u03a3\u03a5\u0393\u039a\u03a1\u0399\u03a4\u0399\u039a\u0397\u03a3 \u0393\u03a1\u0391\u039c\u039c\u0391\u03a4\u039f\u039b\u039f\u0393\u0399\u0391\u03a3","og_description":"[vc_row][vc_column][vc_empty_space height=&#8221;10px&#8221;][vc_separator css=&#8221;&#8221;][vc_empty_space height=&#8221;7px&#8221;][vc_column_text css=&#8221;&#8221;] \u038c\u03c8\u03b5\u03b9\u03c2 \u03c4\u03b7\u03c2 \u03c3\u03c7\u03ad\u03c3\u03b7\u03c2 \u03bc\u03bf\u03bd\u03c4\u03ad\u03c1\u03bd\u03bf &#8211; \u03bc\u03b5\u03c4\u03b1\u03bc\u03bf\u03bd\u03c4\u03ad\u03c1\u03bd\u03bf \u03c3\u03ae\u03bc\u03b5\u03c1\u03b1, \u0391\u03b8\u03ae\u03bd\u03b1, 2 \u039c\u03b1\u03c1\u03c4\u03af\u03bf\u03c5 2008. \u03a4\u03b9\u03bc\u03b7\u03c4\u03b9\u03ba\u03ae \u03b5\u03ba\u03b4\u03ae\u03bb\u03c9\u03c3\u03b7 \u03c3\u03c4\u03bf\u03bd \u0395\u03bc\u03bc\u03b1\u03bd\u03bf\u03c5\u03ae\u03bb \u039a\u03c1\u03b9\u03b1\u03c1\u03ac, \u0391\u03b8\u03ae\u03bd\u03b1, 18 \u0399\u03bf\u03c5\u03bd\u03af\u03bf\u03c5 2004. \u039f \u03bc\u03cd\u03b8\u03bf\u03c2 \u03c4\u03bf\u03c5 \u039f\u03c1\u03c6\u03ad\u03b1 \u03c3\u03c4\u03b7 \u03bb\u03bf\u03b3\u03bf\u03c4\u03b5\u03c7\u03bd\u03af\u03b1 \u03ba\u03b1\u03b9 \u03c3\u03c4\u03b9\u03c2 \u03ac\u03bb\u03bb\u03b5\u03c2 \u03c4\u03ad\u03c7\u03bd\u03b5\u03c2, \u0391\u03b8\u03ae\u03bd\u03b1, 17 \u0399\u03b1\u03bd\u03bf\u03c5\u03b1\u03c1\u03af\u03bf\u03c5 1998. \u03a3\u03cd\u03b3\u03c7\u03c1\u03bf\u03bd\u03b5\u03c2 \u03c4\u03ac\u03c3\u03b5\u03b9\u03c2 \u03c4\u03b7\u03c2 \u03a3\u03c5\u03b3\u03ba\u03c1\u03b9\u03c4\u03b9\u03ba\u03ae\u03c2 \u0393\u03c1\u03b1\u03bc\u03bc\u03b1\u03c4\u03bf\u03bb\u03bf\u03b3\u03af\u03b1\u03c2, \u0391\u03b8\u03ae\u03bd\u03b1, 18 \u039f\u03ba\u03c4\u03c9\u03b2\u03c1\u03af\u03bf\u03c5 1997. \u03a4\u03bf \u03c0\u03bf\u03c1\u03c4\u03bf\u03b3\u03b1\u03bb\u03b9\u03ba\u03cc \u03ba\u03b1\u03b9 \u03c4\u03bf \u03b5\u03bb\u03bb\u03b7\u03bd\u03b9\u03ba\u03cc \u03bc\u03b5\u03c4\u03b1\u03c0\u03bf\u03bb\u03b5\u03bc\u03b9\u03ba\u03cc \u03bc\u03c5\u03b8\u03b9\u03c3\u03c4\u03cc\u03c1\u03b7\u03bc\u03b1,&hellip;","og_url":"https:\/\/eegsg.gr\/index.php\/imerides-simbosia\/","og_site_name":"\u0395\u039b\u039b\u0397\u039d\u0399\u039a\u0397 \u0395\u03a4\u0391\u0399\u03a1\u0395\u0399\u0391 \u0393\u0395\u039d\u0399\u039a\u0397\u03a3 \u039a\u0391\u0399 \u03a3\u03a5\u0393\u039a\u03a1\u0399\u03a4\u0399\u039a\u0397\u03a3 \u0393\u03a1\u0391\u039c\u039c\u0391\u03a4\u039f\u039b\u039f\u0393\u0399\u0391\u03a3","article_modified_time":"2025-02-11T15:41:16+00:00","twitter_card":"summary_large_image","twitter_misc":{"\u0395\u03ba\u03c4\u03b9\u03bc\u03ce\u03bc\u03b5\u03bd\u03bf\u03c2 \u03c7\u03c1\u03cc\u03bd\u03bf\u03c2 \u03b1\u03bd\u03ac\u03b3\u03bd\u03c9\u03c3\u03b7\u03c2":"1 \u03bb\u03b5\u03c0\u03c4\u03cc"},"schema":{"@context":"https:\/\/schema.org","@graph":[{"@type":"WebPage","@id":"https:\/\/eegsg.gr\/index.php\/imerides-simbosia\/","url":"https:\/\/eegsg.gr\/index.php\/imerides-simbosia\/","name":"\u0397\u03bc\u03b5\u03c1\u03af\u03b4\u03b5\u03c2 - \u03a3\u03c5\u03bc\u03c0\u03cc\u03c3\u03b9\u03b1 - \u0395\u039b\u039b\u0397\u039d\u0399\u039a\u0397 \u0395\u03a4\u0391\u0399\u03a1\u0395\u0399\u0391 \u0393\u0395\u039d\u0399\u039a\u0397\u03a3 \u039a\u0391\u0399 \u03a3\u03a5\u0393\u039a\u03a1\u0399\u03a4\u0399\u039a\u0397\u03a3 \u0393\u03a1\u0391\u039c\u039c\u0391\u03a4\u039f\u039b\u039f\u0393\u0399\u0391\u03a3","isPartOf":{"@id":"https:\/\/eegsg.gr\/#website"},"datePublished":"2025-02-03T13:01:37+00:00","dateModified":"2025-02-11T15:41:16+00:00","breadcrumb":{"@id":"https:\/\/eegsg.gr\/index.php\/imerides-simbosia\/#breadcrumb"},"inLanguage":"el","potentialAction":[{"@type":"ReadAction","target":["https:\/\/eegsg.gr\/index.php\/imerides-simbosia\/"]}]},{"@type":"BreadcrumbList","@id":"https:\/\/eegsg.gr\/index.php\/imerides-simbosia\/#breadcrumb","itemListElement":[{"@type":"ListItem","position":1,"name":"\u0391\u03c1\u03c7\u03b9\u03ba\u03ae","item":"https:\/\/eegsg.gr\/"},{"@type":"ListItem","position":2,"name":"\u0397\u03bc\u03b5\u03c1\u03af\u03b4\u03b5\u03c2 &#8211; \u03a3\u03c5\u03bc\u03c0\u03cc\u03c3\u03b9\u03b1"}]},{"@type":"WebSite","@id":"https:\/\/eegsg.gr\/#website","url":"https:\/\/eegsg.gr\/","name":"\u0395\u039b\u039b\u0397\u039d\u0399\u039a\u0397 \u0395\u03a4\u0391\u0399\u03a1\u0395\u0399\u0391 \u0393\u0395\u039d\u0399\u039a\u0397\u03a3 \u039a\u0391\u0399 \u03a3\u03a5\u0393\u039a\u03a1\u0399\u03a4\u0399\u039a\u0397\u03a3 \u0393\u03a1\u0391\u039c\u039c\u0391\u03a4\u039f\u039b\u039f\u0393\u0399\u0391\u03a3","description":"","potentialAction":[{"@type":"SearchAction","target":{"@type":"EntryPoint","urlTemplate":"https:\/\/eegsg.gr\/?s={search_term_string}"},"query-input":{"@type":"PropertyValueSpecification","valueRequired":true,"valueName":"search_term_string"}}],"inLanguage":"el"}]}},"_links":{"self":[{"href":"https:\/\/eegsg.gr\/index.php\/wp-json\/wp\/v2\/pages\/106","targetHints":{"allow":["GET"]}}],"collection":[{"href":"https:\/\/eegsg.gr\/index.php\/wp-json\/wp\/v2\/pages"}],"about":[{"href":"https:\/\/eegsg.gr\/index.php\/wp-json\/wp\/v2\/types\/page"}],"author":[{"embeddable":true,"href":"https:\/\/eegsg.gr\/index.php\/wp-json\/wp\/v2\/users\/1"}],"replies":[{"embeddable":true,"href":"https:\/\/eegsg.gr\/index.php\/wp-json\/wp\/v2\/comments?post=106"}],"version-history":[{"count":4,"href":"https:\/\/eegsg.gr\/index.php\/wp-json\/wp\/v2\/pages\/106\/revisions"}],"predecessor-version":[{"id":244,"href":"https:\/\/eegsg.gr\/index.php\/wp-json\/wp\/v2\/pages\/106\/revisions\/244"}],"wp:attachment":[{"href":"https:\/\/eegsg.gr\/index.php\/wp-json\/wp\/v2\/media?parent=106"}],"curies":[{"name":"wp","href":"https:\/\/api.w.org\/{rel}","templated":true}]}}