{"id":283,"date":"2025-02-06T14:42:46","date_gmt":"2025-02-06T14:42:46","guid":{"rendered":"https:\/\/eegsg.gr\/?page_id=283"},"modified":"2025-02-13T21:13:42","modified_gmt":"2025-02-13T21:13:42","slug":"accueil","status":"publish","type":"page","link":"https:\/\/eegsg.gr\/index.php\/fr\/accueil\/","title":{"rendered":"Accueil"},"content":{"rendered":"<div class=\"wpb-content-wrapper\"><p>[vc_row][vc_column]<div id=\"ultimate-heading-650969fb02c698fdc\" class=\"uvc-heading ult-adjust-bottom-margin ultimate-heading-650969fb02c698fdc uvc-855  uvc-heading-default-font-sizes\" data-hspacer=\"no_spacer\"  data-halign=\"left\" style=\"text-align:left\"><div class=\"uvc-heading-spacer no_spacer\" style=\"top\"><\/div><div class=\"uvc-main-heading ult-responsive\"  data-ultimate-target='.uvc-heading.ultimate-heading-650969fb02c698fdc h4'  data-responsive-json-new='{\"font-size\":\"\",\"line-height\":\"\"}' ><h4 style=\"font-weight:bold;color:#BB5F38;\">Bienvenus<\/h4><\/div><\/div>[vc_empty_space height=&#8221;10px&#8221;][vc_separator css=&#8221;&#8221;][vc_empty_space height=&#8221;7px&#8221;][vc_column_text css=&#8221;&#8221;]La <strong>Soci\u00e9t\u00e9 grecque de Litt\u00e9rature g\u00e9n\u00e9rale et compar\u00e9e<\/strong> (S.G.L.G.C.), association \u00e0 but non lucratif, a \u00e9t\u00e9 fond\u00e9e en 1987, dans le but d\u2019organiser et de promouvoir l\u2019enseignement et la recherche de la Litt\u00e9rature g\u00e9n\u00e9rale et compar\u00e9e en Gr\u00e8ce.<\/p>\n<p>Par le terme <em>\u00ab Litt\u00e9rature g\u00e9n\u00e9rale et compar\u00e9e \u00bb<\/em> est entendue g\u00e9n\u00e9ralement l\u2019\u00e9tude de la litt\u00e9rature d\u2019un point de vue qui d\u00e9passe les fronti\u00e8res nationales, linguistiques, culturelles ou autres, et plus sp\u00e9cialement l\u2019\u00e9tude compar\u00e9e de l\u2019histoire de la litt\u00e9rature, de la th\u00e9orie de la litt\u00e9rature et l\u2019interpr\u00e9tation et critique compar\u00e9es des textes litt\u00e9raires.<\/p>\n<p>Afin d\u2019atteindre ses buts, la S.G.L.G.C. organise des congr\u00e8s et colloques nationaux ou internationaux, avec publication de leurs actes, publie la revue <em><strong>\u00ab Comparaison \u00bb<\/strong><\/em>, unique organe scientifique en Gr\u00e8ce sur la comparaison de la litt\u00e9rature grecque avec les litt\u00e9ratures \u00e9trang\u00e8res et les beaux-arts, ainsi que la s\u00e9rie scientifique <em><strong>\u00ab Etudes et recherches \u00bb<\/strong><\/em>, et collabore avec l\u2019Association Internationale de Litt\u00e9rature Compar\u00e9e (A.I.L.C.) et avec d\u2019autres soci\u00e9t\u00e9s nationales du m\u00eame type.<\/p>\n<p>Peuvent devenir Membres de la Soci\u00e9t\u00e9 les chercheurs et enseignants universitaires dans le domaine de la Litt\u00e9rature g\u00e9n\u00e9rale et compar\u00e9e et des disciplines avoisinantes ainsi que des sp\u00e9cialistes en dehors de l\u2019espace universitaire, ayant prouv\u00e9 leur int\u00e9r\u00eat pour la Litt\u00e9rature compar\u00e9e par la publication d\u2019un ouvrage relatif ou au moins de deux articles \u00e0 contenu comparatiste.[\/vc_column_text][\/vc_column][\/vc_row]<\/p>\n<\/div>","protected":false},"excerpt":{"rendered":"<p>[vc_row][vc_column][vc_empty_space height=&#8221;10px&#8221;][vc_separator css=&#8221;&#8221;][vc_empty_space height=&#8221;7px&#8221;][vc_column_text css=&#8221;&#8221;]La Soci\u00e9t\u00e9 grecque de Litt\u00e9rature g\u00e9n\u00e9rale et compar\u00e9e (S.G.L.G.C.), association \u00e0 but non lucratif, a \u00e9t\u00e9 fond\u00e9e en 1987, dans le but d\u2019organiser et de promouvoir l\u2019enseignement et la recherche de la Litt\u00e9rature g\u00e9n\u00e9rale et compar\u00e9e en Gr\u00e8ce. Par le terme \u00ab Litt\u00e9rature g\u00e9n\u00e9rale et compar\u00e9e \u00bb est entendue g\u00e9n\u00e9ralement l\u2019\u00e9tude&hellip;<\/p>\n","protected":false},"author":1,"featured_media":0,"parent":0,"menu_order":0,"comment_status":"closed","ping_status":"closed","template":"","meta":{"footnotes":""},"class_list":["post-283","page","type-page","status-publish","hentry","description-off"],"yoast_head":"<!-- This site is optimized with the Yoast SEO plugin v24.3 - https:\/\/yoast.com\/wordpress\/plugins\/seo\/ -->\n<title>Accueil - \u0395\u039b\u039b\u0397\u039d\u0399\u039a\u0397 \u0395\u03a4\u0391\u0399\u03a1\u0395\u0399\u0391 \u0393\u0395\u039d\u0399\u039a\u0397\u03a3 \u039a\u0391\u0399 \u03a3\u03a5\u0393\u039a\u03a1\u0399\u03a4\u0399\u039a\u0397\u03a3 \u0393\u03a1\u0391\u039c\u039c\u0391\u03a4\u039f\u039b\u039f\u0393\u0399\u0391\u03a3<\/title>\n<meta name=\"robots\" content=\"index, follow, max-snippet:-1, max-image-preview:large, max-video-preview:-1\" \/>\n<link rel=\"canonical\" href=\"https:\/\/eegsg.gr\/index.php\/fr\/accueil\/\" \/>\n<meta property=\"og:locale\" content=\"el_GR\" \/>\n<meta property=\"og:type\" content=\"article\" \/>\n<meta property=\"og:title\" content=\"Accueil - \u0395\u039b\u039b\u0397\u039d\u0399\u039a\u0397 \u0395\u03a4\u0391\u0399\u03a1\u0395\u0399\u0391 \u0393\u0395\u039d\u0399\u039a\u0397\u03a3 \u039a\u0391\u0399 \u03a3\u03a5\u0393\u039a\u03a1\u0399\u03a4\u0399\u039a\u0397\u03a3 \u0393\u03a1\u0391\u039c\u039c\u0391\u03a4\u039f\u039b\u039f\u0393\u0399\u0391\u03a3\" \/>\n<meta property=\"og:description\" content=\"[vc_row][vc_column][vc_empty_space height=&#8221;10px&#8221;][vc_separator css=&#8221;&#8221;][vc_empty_space height=&#8221;7px&#8221;][vc_column_text css=&#8221;&#8221;]La Soci\u00e9t\u00e9 grecque de Litt\u00e9rature g\u00e9n\u00e9rale et compar\u00e9e (S.G.L.G.C.), association \u00e0 but non lucratif, a \u00e9t\u00e9 fond\u00e9e en 1987, dans le but d\u2019organiser et de promouvoir l\u2019enseignement et la recherche de la Litt\u00e9rature g\u00e9n\u00e9rale et compar\u00e9e en Gr\u00e8ce. Par le terme \u00ab Litt\u00e9rature g\u00e9n\u00e9rale et compar\u00e9e \u00bb est entendue g\u00e9n\u00e9ralement l\u2019\u00e9tude&hellip;\" \/>\n<meta property=\"og:url\" content=\"https:\/\/eegsg.gr\/index.php\/fr\/accueil\/\" \/>\n<meta property=\"og:site_name\" content=\"\u0395\u039b\u039b\u0397\u039d\u0399\u039a\u0397 \u0395\u03a4\u0391\u0399\u03a1\u0395\u0399\u0391 \u0393\u0395\u039d\u0399\u039a\u0397\u03a3 \u039a\u0391\u0399 \u03a3\u03a5\u0393\u039a\u03a1\u0399\u03a4\u0399\u039a\u0397\u03a3 \u0393\u03a1\u0391\u039c\u039c\u0391\u03a4\u039f\u039b\u039f\u0393\u0399\u0391\u03a3\" \/>\n<meta property=\"article:modified_time\" content=\"2025-02-13T21:13:42+00:00\" \/>\n<meta name=\"twitter:card\" content=\"summary_large_image\" \/>\n<meta name=\"twitter:label1\" content=\"\u0395\u03ba\u03c4\u03b9\u03bc\u03ce\u03bc\u03b5\u03bd\u03bf\u03c2 \u03c7\u03c1\u03cc\u03bd\u03bf\u03c2 \u03b1\u03bd\u03ac\u03b3\u03bd\u03c9\u03c3\u03b7\u03c2\" \/>\n\t<meta name=\"twitter:data1\" content=\"2 \u03bb\u03b5\u03c0\u03c4\u03ac\" \/>\n<script type=\"application\/ld+json\" class=\"yoast-schema-graph\">{\"@context\":\"https:\/\/schema.org\",\"@graph\":[{\"@type\":\"WebPage\",\"@id\":\"https:\/\/eegsg.gr\/index.php\/fr\/accueil\/\",\"url\":\"https:\/\/eegsg.gr\/index.php\/fr\/accueil\/\",\"name\":\"Accueil - \u0395\u039b\u039b\u0397\u039d\u0399\u039a\u0397 \u0395\u03a4\u0391\u0399\u03a1\u0395\u0399\u0391 \u0393\u0395\u039d\u0399\u039a\u0397\u03a3 \u039a\u0391\u0399 \u03a3\u03a5\u0393\u039a\u03a1\u0399\u03a4\u0399\u039a\u0397\u03a3 \u0393\u03a1\u0391\u039c\u039c\u0391\u03a4\u039f\u039b\u039f\u0393\u0399\u0391\u03a3\",\"isPartOf\":{\"@id\":\"https:\/\/eegsg.gr\/#website\"},\"datePublished\":\"2025-02-06T14:42:46+00:00\",\"dateModified\":\"2025-02-13T21:13:42+00:00\",\"breadcrumb\":{\"@id\":\"https:\/\/eegsg.gr\/index.php\/fr\/accueil\/#breadcrumb\"},\"inLanguage\":\"el\",\"potentialAction\":[{\"@type\":\"ReadAction\",\"target\":[\"https:\/\/eegsg.gr\/index.php\/fr\/accueil\/\"]}]},{\"@type\":\"BreadcrumbList\",\"@id\":\"https:\/\/eegsg.gr\/index.php\/fr\/accueil\/#breadcrumb\",\"itemListElement\":[{\"@type\":\"ListItem\",\"position\":1,\"name\":\"\u0391\u03c1\u03c7\u03b9\u03ba\u03ae\",\"item\":\"https:\/\/eegsg.gr\/\"},{\"@type\":\"ListItem\",\"position\":2,\"name\":\"Accueil\"}]},{\"@type\":\"WebSite\",\"@id\":\"https:\/\/eegsg.gr\/#website\",\"url\":\"https:\/\/eegsg.gr\/\",\"name\":\"\u0395\u039b\u039b\u0397\u039d\u0399\u039a\u0397 \u0395\u03a4\u0391\u0399\u03a1\u0395\u0399\u0391 \u0393\u0395\u039d\u0399\u039a\u0397\u03a3 \u039a\u0391\u0399 \u03a3\u03a5\u0393\u039a\u03a1\u0399\u03a4\u0399\u039a\u0397\u03a3 \u0393\u03a1\u0391\u039c\u039c\u0391\u03a4\u039f\u039b\u039f\u0393\u0399\u0391\u03a3\",\"description\":\"\",\"potentialAction\":[{\"@type\":\"SearchAction\",\"target\":{\"@type\":\"EntryPoint\",\"urlTemplate\":\"https:\/\/eegsg.gr\/?s={search_term_string}\"},\"query-input\":{\"@type\":\"PropertyValueSpecification\",\"valueRequired\":true,\"valueName\":\"search_term_string\"}}],\"inLanguage\":\"el\"}]}<\/script>\n<!-- \/ Yoast SEO plugin. -->","yoast_head_json":{"title":"Accueil - \u0395\u039b\u039b\u0397\u039d\u0399\u039a\u0397 \u0395\u03a4\u0391\u0399\u03a1\u0395\u0399\u0391 \u0393\u0395\u039d\u0399\u039a\u0397\u03a3 \u039a\u0391\u0399 \u03a3\u03a5\u0393\u039a\u03a1\u0399\u03a4\u0399\u039a\u0397\u03a3 \u0393\u03a1\u0391\u039c\u039c\u0391\u03a4\u039f\u039b\u039f\u0393\u0399\u0391\u03a3","robots":{"index":"index","follow":"follow","max-snippet":"max-snippet:-1","max-image-preview":"max-image-preview:large","max-video-preview":"max-video-preview:-1"},"canonical":"https:\/\/eegsg.gr\/index.php\/fr\/accueil\/","og_locale":"el_GR","og_type":"article","og_title":"Accueil - \u0395\u039b\u039b\u0397\u039d\u0399\u039a\u0397 \u0395\u03a4\u0391\u0399\u03a1\u0395\u0399\u0391 \u0393\u0395\u039d\u0399\u039a\u0397\u03a3 \u039a\u0391\u0399 \u03a3\u03a5\u0393\u039a\u03a1\u0399\u03a4\u0399\u039a\u0397\u03a3 \u0393\u03a1\u0391\u039c\u039c\u0391\u03a4\u039f\u039b\u039f\u0393\u0399\u0391\u03a3","og_description":"[vc_row][vc_column][vc_empty_space height=&#8221;10px&#8221;][vc_separator css=&#8221;&#8221;][vc_empty_space height=&#8221;7px&#8221;][vc_column_text css=&#8221;&#8221;]La Soci\u00e9t\u00e9 grecque de Litt\u00e9rature g\u00e9n\u00e9rale et compar\u00e9e (S.G.L.G.C.), association \u00e0 but non lucratif, a \u00e9t\u00e9 fond\u00e9e en 1987, dans le but d\u2019organiser et de promouvoir l\u2019enseignement et la recherche de la Litt\u00e9rature g\u00e9n\u00e9rale et compar\u00e9e en Gr\u00e8ce. Par le terme \u00ab Litt\u00e9rature g\u00e9n\u00e9rale et compar\u00e9e \u00bb est entendue g\u00e9n\u00e9ralement l\u2019\u00e9tude&hellip;","og_url":"https:\/\/eegsg.gr\/index.php\/fr\/accueil\/","og_site_name":"\u0395\u039b\u039b\u0397\u039d\u0399\u039a\u0397 \u0395\u03a4\u0391\u0399\u03a1\u0395\u0399\u0391 \u0393\u0395\u039d\u0399\u039a\u0397\u03a3 \u039a\u0391\u0399 \u03a3\u03a5\u0393\u039a\u03a1\u0399\u03a4\u0399\u039a\u0397\u03a3 \u0393\u03a1\u0391\u039c\u039c\u0391\u03a4\u039f\u039b\u039f\u0393\u0399\u0391\u03a3","article_modified_time":"2025-02-13T21:13:42+00:00","twitter_card":"summary_large_image","twitter_misc":{"\u0395\u03ba\u03c4\u03b9\u03bc\u03ce\u03bc\u03b5\u03bd\u03bf\u03c2 \u03c7\u03c1\u03cc\u03bd\u03bf\u03c2 \u03b1\u03bd\u03ac\u03b3\u03bd\u03c9\u03c3\u03b7\u03c2":"2 \u03bb\u03b5\u03c0\u03c4\u03ac"},"schema":{"@context":"https:\/\/schema.org","@graph":[{"@type":"WebPage","@id":"https:\/\/eegsg.gr\/index.php\/fr\/accueil\/","url":"https:\/\/eegsg.gr\/index.php\/fr\/accueil\/","name":"Accueil - \u0395\u039b\u039b\u0397\u039d\u0399\u039a\u0397 \u0395\u03a4\u0391\u0399\u03a1\u0395\u0399\u0391 \u0393\u0395\u039d\u0399\u039a\u0397\u03a3 \u039a\u0391\u0399 \u03a3\u03a5\u0393\u039a\u03a1\u0399\u03a4\u0399\u039a\u0397\u03a3 \u0393\u03a1\u0391\u039c\u039c\u0391\u03a4\u039f\u039b\u039f\u0393\u0399\u0391\u03a3","isPartOf":{"@id":"https:\/\/eegsg.gr\/#website"},"datePublished":"2025-02-06T14:42:46+00:00","dateModified":"2025-02-13T21:13:42+00:00","breadcrumb":{"@id":"https:\/\/eegsg.gr\/index.php\/fr\/accueil\/#breadcrumb"},"inLanguage":"el","potentialAction":[{"@type":"ReadAction","target":["https:\/\/eegsg.gr\/index.php\/fr\/accueil\/"]}]},{"@type":"BreadcrumbList","@id":"https:\/\/eegsg.gr\/index.php\/fr\/accueil\/#breadcrumb","itemListElement":[{"@type":"ListItem","position":1,"name":"\u0391\u03c1\u03c7\u03b9\u03ba\u03ae","item":"https:\/\/eegsg.gr\/"},{"@type":"ListItem","position":2,"name":"Accueil"}]},{"@type":"WebSite","@id":"https:\/\/eegsg.gr\/#website","url":"https:\/\/eegsg.gr\/","name":"\u0395\u039b\u039b\u0397\u039d\u0399\u039a\u0397 \u0395\u03a4\u0391\u0399\u03a1\u0395\u0399\u0391 \u0393\u0395\u039d\u0399\u039a\u0397\u03a3 \u039a\u0391\u0399 \u03a3\u03a5\u0393\u039a\u03a1\u0399\u03a4\u0399\u039a\u0397\u03a3 \u0393\u03a1\u0391\u039c\u039c\u0391\u03a4\u039f\u039b\u039f\u0393\u0399\u0391\u03a3","description":"","potentialAction":[{"@type":"SearchAction","target":{"@type":"EntryPoint","urlTemplate":"https:\/\/eegsg.gr\/?s={search_term_string}"},"query-input":{"@type":"PropertyValueSpecification","valueRequired":true,"valueName":"search_term_string"}}],"inLanguage":"el"}]}},"_links":{"self":[{"href":"https:\/\/eegsg.gr\/index.php\/wp-json\/wp\/v2\/pages\/283","targetHints":{"allow":["GET"]}}],"collection":[{"href":"https:\/\/eegsg.gr\/index.php\/wp-json\/wp\/v2\/pages"}],"about":[{"href":"https:\/\/eegsg.gr\/index.php\/wp-json\/wp\/v2\/types\/page"}],"author":[{"embeddable":true,"href":"https:\/\/eegsg.gr\/index.php\/wp-json\/wp\/v2\/users\/1"}],"replies":[{"embeddable":true,"href":"https:\/\/eegsg.gr\/index.php\/wp-json\/wp\/v2\/comments?post=283"}],"version-history":[{"count":1,"href":"https:\/\/eegsg.gr\/index.php\/wp-json\/wp\/v2\/pages\/283\/revisions"}],"predecessor-version":[{"id":284,"href":"https:\/\/eegsg.gr\/index.php\/wp-json\/wp\/v2\/pages\/283\/revisions\/284"}],"wp:attachment":[{"href":"https:\/\/eegsg.gr\/index.php\/wp-json\/wp\/v2\/media?parent=283"}],"curies":[{"name":"wp","href":"https:\/\/api.w.org\/{rel}","templated":true}]}}