{"id":341,"date":"2025-02-11T18:25:43","date_gmt":"2025-02-11T18:25:43","guid":{"rendered":"https:\/\/eegsg.gr\/?page_id=341"},"modified":"2025-02-11T18:35:01","modified_gmt":"2025-02-11T18:35:01","slug":"dimosiefseis","status":"publish","type":"page","link":"https:\/\/eegsg.gr\/index.php\/dimosiefseis\/","title":{"rendered":"\u0394\u03b7\u03bc\u03bf\u03c3\u03b9\u03b5\u03cd\u03c3\u03b5\u03b9\u03c2"},"content":{"rendered":"<div class=\"wpb-content-wrapper\"><p>[vc_row][vc_column]<div id=\"ultimate-heading-789769f55cf2494b5\" class=\"uvc-heading ult-adjust-bottom-margin ultimate-heading-789769f55cf2494b5 uvc-7051  uvc-heading-default-font-sizes\" data-hspacer=\"no_spacer\"  data-halign=\"left\" style=\"text-align:left\"><div class=\"uvc-heading-spacer no_spacer\" style=\"top\"><\/div><div class=\"uvc-main-heading ult-responsive\"  data-ultimate-target='.uvc-heading.ultimate-heading-789769f55cf2494b5 h4'  data-responsive-json-new='{\"font-size\":\"\",\"line-height\":\"\"}' ><h4 style=\"font-weight:bold;color:#BB5F38;\">\u0394\u03b7\u03bc\u03bf\u03c3\u03b9\u03b5\u03cd\u03c3\u03b5\u03b9\u03c2<\/h4><\/div><\/div>[vc_empty_space height=&#8221;10px&#8221;][vc_separator css=&#8221;&#8221;][vc_empty_space height=&#8221;7px&#8221;][vc_column_text css=&#8221;&#8221;]<\/p>\n<ul>\n<li>\u0386\u03bd\u03bd\u03b1 \u03a4\u03b1\u03bc\u03c0\u03ac\u03ba\u03b7, <strong>\u00ab\u0388\u03c6\u03c5\u03b3\u03b5 \u03ad\u03bd\u03b1\u03c2 &#8220;\u03b5\u03c5\u03c0\u03b1\u03c4\u03c1\u03af\u03b4\u03b7\u03c2&#8221; \u03c4\u03b7\u03c2 \u03a3\u03c5\u03b3\u03ba\u03c1\u03b9\u03c4\u03b9\u03ba\u03ae\u03c2 \u03a6\u03b9\u03bb\u03bf\u03bb\u03bf\u03b3\u03af\u03b1\u03c2\u00bb<\/strong>,<br \/>\n\u03a4\u03bf \u0392\u03ae\u03bc\u03b1, 21 \u0391\u03c0\u03c1\u03b9\u03bb\u03af\u03bf\u03c5 2023.<\/li>\n<li>\u0395\u03c5\u03c1\u03b9\u03c0\u03af\u03b4\u03b7\u03c2 \u0393\u03b1\u03c1\u03b1\u03bd\u03c4\u03bf\u03cd\u03b4\u03b7\u03c2, <strong>\u00ab\u0397 \u03bd\u03b5\u03bf\u03b5\u03bb\u03bb\u03b7\u03bd\u03b9\u03ba\u03ae \u03c6\u03b9\u03bb\u03bf\u03bb\u03bf\u03b3\u03af\u03b1 \u03c7\u03b8\u03b5\u03c2, \u03c3\u03ae\u03bc\u03b5\u03c1\u03b1, \u03b1\u03cd\u03c1\u03b9\u03bf\u00bb<\/strong>,<br \/>\n\u039f \u03b1\u03bd\u03b1\u03b3\u03bd\u03ce\u03c3\u03c4\u03b7\u03c2, \u0394\u03b5\u03ba\u03ad\u03bc\u03b2\u03c1\u03b9\u03bf\u03c2 2022.<\/li>\n<li>\u03a4\u03af\u03bd\u03b1 \u03a7\u03c1\u03b7\u03c3\u03c4\u03af\u03b4\u03b7, <strong>\u00ab\u03a4\u03b1 \u03c4\u03bf\u03c0\u03af\u03b1 \u03c9\u03c2 \u03a7\u03ac\u03c1\u03c4\u03b7\u03c2 \u03bd\u03b5\u03c1\u03bf\u03cd\u00bb<\/strong>,<br \/>\n\u03a7\u03ac\u03c1\u03c4\u03b7\u03c2, \u03c4\u03c7. 21, \u03a3\u03b5\u03c0\u03c4\u03ad\u03bc\u03b2\u03c1\u03b9\u03bf\u03c2 2020.<\/li>\n<li><strong>\u00ab\u03a3\u03c5\u03bd\u03ad\u03b4\u03c1\u03b9\u03bf &#8220;\u039b\u03bf\u03b3\u03bf\u03c4\u03b5\u03c7\u03bd\u03af\u03b1 \u03ba\u03b1\u03b9 \u039c\u03bf\u03c5\u03c3\u03b5\u03af\u03bf&#8221;\u00bb<\/strong>,<br \/>\nArt &amp; Life, \u039c\u03ac\u03c1\u03c4\u03b9\u03bf\u03c2 2015<\/li>\n<li>\u0386\u03bd\u03bd\u03b1 \u03a4\u03b1\u03bc\u03c0\u03ac\u03ba\u03b7, <strong>\u00ab\u03a4\u03b9 \u03b5\u03af\u03bd\u03b1\u03b9 \u03b7 \u03a3\u03c5\u03b3\u03ba\u03c1\u03b9\u03c4\u03b9\u03ba\u03ae \u03a6\u03b9\u03bb\u03bf\u03bb\u03bf\u03b3\u03af\u03b1\u00bb<\/strong>,<br \/>\n\u03a4\u03bf \u0392\u03ae\u03bc\u03b1, 24 \u039d\u03bf\u03b5\u03bc\u03b2\u03c1\u03af\u03bf\u03c5 2008.<\/li>\n<li>\u0396\u03b1\u03c7\u03b1\u03c1\u03af\u03b1\u03c2 \u0399. \u03a3\u03b9\u03b1\u03c6\u03bb\u03b5\u03ba\u03b7\u03c2, <strong>\u00ab\u0397 \u03a3\u03c5\u03b3\u03ba\u03c1\u03b9\u03c4\u03b9\u03ba\u03ae \u03b1\u03bd\u03b8\u03b5\u03af \u03ba\u03b1\u03b9 \u03c3\u03c4\u03b7\u03bd \u0395\u03bb\u03bb\u03ac\u03b4\u03b1\u00bb<\/strong>,<br \/>\n\u039a\u03b1\u03b8\u03b7\u03bc\u03b5\u03c1\u03b9\u03bd\u03ae, 16 \u0394\u03b5\u03ba\u03b5\u03bc\u03b2\u03c1\u03af\u03bf\u03c5 2007.<\/li>\n<li>Anna Tabaki, <strong>\u00abComparative Literature in Greece Revisited: Ambiguities of the Past and Perspectives for the Future\u00bb<\/strong> \u03c3\u03c4\u03bf\u03bd \u03c4\u03cc\u03bc\u03bf Tendances actuelles de la Litt\u00e9rature compar\u00e9e dans le Sud-Est de l\u2019Europe, Sous la direction de Anna Tabaki \/ Edited by Anna Tabaki. <strong>\u00ab\u03a4\u03b5\u03c4\u03c1\u03ac\u03b4\u03b9\u03b1 \u03b5\u03c1\u03b3\u03b1\u03c3\u03af\u03b1\u03c2 29\u00bb<\/strong>. S\u00e9minaire de Litt\u00e9rature Compar\u00e9e et d\u2019Histoire des id\u00e9es.<br \/>\nInstitut de Recherches N\u00e9ohell\u00e9niques, Fondation Nationale de la Recherche Scientifique, \u0391\u03b8\u03ae\u03bd\u03b1 2006, \u03c3\u03c3. 59-74.<\/li>\n<li>\u03a1\u03ac\u03bd\u03b9\u03b1 \u03a0\u03bf\u03bb\u03c5\u03ba\u03b1\u03bd\u03b4\u03c1\u03b9\u03ce\u03c4\u03b7, <strong>\u00ab\u03a0\u03b5\u03c1\u03b9\u03bf\u03b4\u03b9\u03ba\u03cc\u03c4\u03b7\u03c4\u03b5\u03c2: \u03a3\u03cd\u03b3\u03ba\u03c1\u03b9\u03c3\u03b7\/Comparaison\u00bb<\/strong>,<br \/>\n\u03a4\u03bf \u0392\u03ae\u03bc\u03b1, 6 \u03a6\u03b5\u03b2\u03c1\u03bf\u03c5\u03b1\u03c1\u03af\u03bf\u03c5 2000.<\/li>\n<li>\u0395. \u039d. \u039c\u03cc\u03c3\u03c7\u03bf\u03c2, <strong>\u00ab\u039f \u039f\u03c1\u03c6\u03ad\u03b1\u03c2 \u03c3\u03c4\u03b7 \u03bb\u03bf\u03b3\u03bf\u03c4\u03b5\u03c7\u03bd\u03af\u03b1 \u03ba\u03b1\u03b9 \u03c3\u03c4\u03b9\u03c2 \u03ac\u03bb\u03bb\u03b5\u03c2 \u03c4\u03ad\u03c7\u03bd\u03b5\u03c2\u00bb<\/strong>,<br \/>\n\u039d\u03ad\u03b1 \u0395\u03c3\u03c4\u03af\u03b1, \u03c4\u03c7. 1694, 1 \u03a6\u03b5\u03b2\u03c1\u03bf\u03c5\u03b1\u03c1\u03af\u03bf\u03c5 1998, \u03c3. 208.<\/li>\n<li>\u039a\u03ce\u03c3\u03c4\u03b1\u03c2 \u03a3\u03c4\u03b5\u03c1\u03b3\u03b9\u03cc\u03c0\u03bf\u03c5\u03bb\u03bf\u03c2, <strong>\u00ab\u03a4\u03b1 \u03b4\u03ad\u03ba\u03b1 \u03c7\u03c1\u03cc\u03bd\u03b9\u03b1 \u03c4\u03b7\u03c2 \u00ab\u0395.\u0395.\u0393.\u03a3.\u0393\u00bb<\/strong>,<br \/>\n\u03a3\u03cd\u03b3\u03ba\u03c1\u03b9\u03c3\u03b7, \u03c4\u03c7. 9, 1998, \u03c3\u03c3. 7-13.<\/li>\n<li><strong>\u00ab\u03a3\u03c5\u03bd\u03ad\u03b4\u03c1\u03b9\u03bf \u03a3\u03c5\u03b3\u03ba\u03c1\u03b9\u03c4\u03b9\u03ba\u03ae\u03c2 \u0393\u03c1\u03b1\u03bc\u03bc\u03b1\u03c4\u03bf\u03bb\u03bf\u03b3\u03af\u03b1\u03c2\u00bb<\/strong>,<br \/>\n\u03a1\u03b9\u03b6\u03bf\u03c3\u03c0\u03ac\u03c3\u03c4\u03b7\u03c2, 7 \u039d\u03bf\u03b5\u03bc\u03b2\u03c1\u03af\u03bf\u03c5 1998.<\/li>\n<li>\u0396\u03b1\u03c7\u03b1\u03c1\u03af\u03b1\u03c2 \u0399. \u03a3\u03b9\u03b1\u03c6\u03bb\u03ad\u03ba\u03b7\u03c2, <strong>\u00ab\u0395\u03c0\u03b9\u03ba\u03b1\u03b9\u03c1\u03cc\u03c4\u03b7\u03c4\u03b5\u03c2: \u0397\u03bc\u03b5\u03c1\u03af\u03b4\u03b1 \u03c4\u03b7\u03c2 \u0395\u03bb\u03bb\u03b7\u03bd\u03b9\u03ba\u03ae\u03c2 \u0395\u03c4\u03b1\u03b9\u03c1\u03b5\u03af\u03b1\u03c2 \u03a3\u03c5\u03b3\u03ba\u03c1\u03b9\u03c4\u03b9\u03ba\u03ae\u03c2 \u0393\u03c1\u03b1\u03bc\u03bc\u03b1\u03c4\u03bf\u03bb\u03bf\u03b3\u03af\u03b1\u03c2\u00bb<\/strong>,<br \/>\n\u039d\u03ad\u03b1 \u0395\u03c3\u03c4\u03af\u03b1, \u03c4\u03c7. 1689.<\/li>\n<li><strong>\u00ab\u0395\u03b9\u03b4\u03ae\u03c3\u03b5\u03b9\u03c2\u00bb<\/strong>,<br \/>\n\u039d\u03ad\u03b1 \u0395\u03c3\u03c4\u03af\u03b1, \u03c4\u03c7. 1588, \u03a3\u03b5\u03c0\u03c4\u03ad\u03bc\u03b2\u03c1\u03b9\u03bf\u03c2 1993, \u03c3. 1178 (\u03b1\u03bd\u03b1\u03b3\u03b3\u03b5\u03bb\u03af\u03b1 \u03a3\u03c5\u03bd\u03b5\u03b4\u03c1\u03af\u03bf\u03c5 \u00ab\u03a4\u03ac\u03c3\u03b5\u03b9\u03c2 \u03c4\u03b7\u03c2 \u03c3\u03cd\u03b3\u03c7\u03c1\u03bf\u03bd\u03b7\u03c2 \u03c0\u03bf\u03af\u03b7\u03c3\u03b7\u03c2\u00bb).<\/li>\n<li>\u0395\u03bc\u03bc\u03b1\u03bd\u03bf\u03c5\u03ae\u03bb \u039a\u03c1\u03b9\u03b1\u03c1\u03ac\u03c2, <strong>\u00ab\u0391\u03c0\u03cc \u03c4\u03b7\u03bd \u03c0\u03c1\u03bf\u03ca\u03c3\u03c4\u03bf\u03c1\u03af\u03b1 \u03c4\u03b7\u03c2 \u03a3\u03c5\u03b3\u03ba\u03c1\u03b9\u03c4\u03b9\u03ba\u03ae\u03c2 \u0393\u03c1\u03b1\u03bc\u03bc\u03b1\u03c4\u03bf\u03bb\u03bf\u03b3\u03af\u03b1\u03c2 \u03c3\u03c4\u03b7\u03bd \u0395\u03bb\u03bb\u03ac\u03b4\u03b1\u00bb<\/strong>,<br \/>\n\u039d\u03ad\u03b1 \u0395\u03c3\u03c4\u03af\u03b1, 1451, \u0394\u03b5\u03ba\u03ad\u03bc\u03b2\u03c1\u03b9\u03bf\u03c2 1987.<\/li>\n<\/ul>\n<p>[\/vc_column_text][vc_separator css=&#8221;&#8221;][\/vc_column][\/vc_row]<\/p>\n<\/div>","protected":false},"excerpt":{"rendered":"<p>[vc_row][vc_column][vc_empty_space height=&#8221;10px&#8221;][vc_separator css=&#8221;&#8221;][vc_empty_space height=&#8221;7px&#8221;][vc_column_text css=&#8221;&#8221;] \u0386\u03bd\u03bd\u03b1 \u03a4\u03b1\u03bc\u03c0\u03ac\u03ba\u03b7, \u00ab\u0388\u03c6\u03c5\u03b3\u03b5 \u03ad\u03bd\u03b1\u03c2 &#8220;\u03b5\u03c5\u03c0\u03b1\u03c4\u03c1\u03af\u03b4\u03b7\u03c2&#8221; \u03c4\u03b7\u03c2 \u03a3\u03c5\u03b3\u03ba\u03c1\u03b9\u03c4\u03b9\u03ba\u03ae\u03c2 \u03a6\u03b9\u03bb\u03bf\u03bb\u03bf\u03b3\u03af\u03b1\u03c2\u00bb, \u03a4\u03bf \u0392\u03ae\u03bc\u03b1, 21 \u0391\u03c0\u03c1\u03b9\u03bb\u03af\u03bf\u03c5 2023. \u0395\u03c5\u03c1\u03b9\u03c0\u03af\u03b4\u03b7\u03c2 \u0393\u03b1\u03c1\u03b1\u03bd\u03c4\u03bf\u03cd\u03b4\u03b7\u03c2, \u00ab\u0397 \u03bd\u03b5\u03bf\u03b5\u03bb\u03bb\u03b7\u03bd\u03b9\u03ba\u03ae \u03c6\u03b9\u03bb\u03bf\u03bb\u03bf\u03b3\u03af\u03b1 \u03c7\u03b8\u03b5\u03c2, \u03c3\u03ae\u03bc\u03b5\u03c1\u03b1, \u03b1\u03cd\u03c1\u03b9\u03bf\u00bb, \u039f \u03b1\u03bd\u03b1\u03b3\u03bd\u03ce\u03c3\u03c4\u03b7\u03c2, \u0394\u03b5\u03ba\u03ad\u03bc\u03b2\u03c1\u03b9\u03bf\u03c2 2022. \u03a4\u03af\u03bd\u03b1 \u03a7\u03c1\u03b7\u03c3\u03c4\u03af\u03b4\u03b7, \u00ab\u03a4\u03b1 \u03c4\u03bf\u03c0\u03af\u03b1 \u03c9\u03c2 \u03a7\u03ac\u03c1\u03c4\u03b7\u03c2 \u03bd\u03b5\u03c1\u03bf\u03cd\u00bb, \u03a7\u03ac\u03c1\u03c4\u03b7\u03c2, \u03c4\u03c7. 21, \u03a3\u03b5\u03c0\u03c4\u03ad\u03bc\u03b2\u03c1\u03b9\u03bf\u03c2 2020. \u00ab\u03a3\u03c5\u03bd\u03ad\u03b4\u03c1\u03b9\u03bf &#8220;\u039b\u03bf\u03b3\u03bf\u03c4\u03b5\u03c7\u03bd\u03af\u03b1 \u03ba\u03b1\u03b9 \u039c\u03bf\u03c5\u03c3\u03b5\u03af\u03bf&#8221;\u00bb, Art &amp; Life, \u039c\u03ac\u03c1\u03c4\u03b9\u03bf\u03c2 2015 \u0386\u03bd\u03bd\u03b1 \u03a4\u03b1\u03bc\u03c0\u03ac\u03ba\u03b7, \u00ab\u03a4\u03b9 \u03b5\u03af\u03bd\u03b1\u03b9&hellip;<\/p>\n","protected":false},"author":1,"featured_media":0,"parent":0,"menu_order":0,"comment_status":"closed","ping_status":"closed","template":"","meta":{"footnotes":""},"class_list":["post-341","page","type-page","status-publish","hentry","description-off"],"yoast_head":"<!-- This site is optimized with the Yoast SEO plugin v24.3 - https:\/\/yoast.com\/wordpress\/plugins\/seo\/ -->\n<title>\u0394\u03b7\u03bc\u03bf\u03c3\u03b9\u03b5\u03cd\u03c3\u03b5\u03b9\u03c2 - \u0395\u039b\u039b\u0397\u039d\u0399\u039a\u0397 \u0395\u03a4\u0391\u0399\u03a1\u0395\u0399\u0391 \u0393\u0395\u039d\u0399\u039a\u0397\u03a3 \u039a\u0391\u0399 \u03a3\u03a5\u0393\u039a\u03a1\u0399\u03a4\u0399\u039a\u0397\u03a3 \u0393\u03a1\u0391\u039c\u039c\u0391\u03a4\u039f\u039b\u039f\u0393\u0399\u0391\u03a3<\/title>\n<meta name=\"robots\" content=\"index, follow, max-snippet:-1, max-image-preview:large, max-video-preview:-1\" \/>\n<link rel=\"canonical\" href=\"https:\/\/eegsg.gr\/index.php\/dimosiefseis\/\" \/>\n<meta property=\"og:locale\" content=\"el_GR\" \/>\n<meta property=\"og:type\" content=\"article\" \/>\n<meta property=\"og:title\" content=\"\u0394\u03b7\u03bc\u03bf\u03c3\u03b9\u03b5\u03cd\u03c3\u03b5\u03b9\u03c2 - \u0395\u039b\u039b\u0397\u039d\u0399\u039a\u0397 \u0395\u03a4\u0391\u0399\u03a1\u0395\u0399\u0391 \u0393\u0395\u039d\u0399\u039a\u0397\u03a3 \u039a\u0391\u0399 \u03a3\u03a5\u0393\u039a\u03a1\u0399\u03a4\u0399\u039a\u0397\u03a3 \u0393\u03a1\u0391\u039c\u039c\u0391\u03a4\u039f\u039b\u039f\u0393\u0399\u0391\u03a3\" \/>\n<meta property=\"og:description\" content=\"[vc_row][vc_column][vc_empty_space height=&#8221;10px&#8221;][vc_separator css=&#8221;&#8221;][vc_empty_space height=&#8221;7px&#8221;][vc_column_text css=&#8221;&#8221;] \u0386\u03bd\u03bd\u03b1 \u03a4\u03b1\u03bc\u03c0\u03ac\u03ba\u03b7, \u00ab\u0388\u03c6\u03c5\u03b3\u03b5 \u03ad\u03bd\u03b1\u03c2 &#8220;\u03b5\u03c5\u03c0\u03b1\u03c4\u03c1\u03af\u03b4\u03b7\u03c2&#8221; \u03c4\u03b7\u03c2 \u03a3\u03c5\u03b3\u03ba\u03c1\u03b9\u03c4\u03b9\u03ba\u03ae\u03c2 \u03a6\u03b9\u03bb\u03bf\u03bb\u03bf\u03b3\u03af\u03b1\u03c2\u00bb, \u03a4\u03bf \u0392\u03ae\u03bc\u03b1, 21 \u0391\u03c0\u03c1\u03b9\u03bb\u03af\u03bf\u03c5 2023. \u0395\u03c5\u03c1\u03b9\u03c0\u03af\u03b4\u03b7\u03c2 \u0393\u03b1\u03c1\u03b1\u03bd\u03c4\u03bf\u03cd\u03b4\u03b7\u03c2, \u00ab\u0397 \u03bd\u03b5\u03bf\u03b5\u03bb\u03bb\u03b7\u03bd\u03b9\u03ba\u03ae \u03c6\u03b9\u03bb\u03bf\u03bb\u03bf\u03b3\u03af\u03b1 \u03c7\u03b8\u03b5\u03c2, \u03c3\u03ae\u03bc\u03b5\u03c1\u03b1, \u03b1\u03cd\u03c1\u03b9\u03bf\u00bb, \u039f \u03b1\u03bd\u03b1\u03b3\u03bd\u03ce\u03c3\u03c4\u03b7\u03c2, \u0394\u03b5\u03ba\u03ad\u03bc\u03b2\u03c1\u03b9\u03bf\u03c2 2022. \u03a4\u03af\u03bd\u03b1 \u03a7\u03c1\u03b7\u03c3\u03c4\u03af\u03b4\u03b7, \u00ab\u03a4\u03b1 \u03c4\u03bf\u03c0\u03af\u03b1 \u03c9\u03c2 \u03a7\u03ac\u03c1\u03c4\u03b7\u03c2 \u03bd\u03b5\u03c1\u03bf\u03cd\u00bb, \u03a7\u03ac\u03c1\u03c4\u03b7\u03c2, \u03c4\u03c7. 21, \u03a3\u03b5\u03c0\u03c4\u03ad\u03bc\u03b2\u03c1\u03b9\u03bf\u03c2 2020. \u00ab\u03a3\u03c5\u03bd\u03ad\u03b4\u03c1\u03b9\u03bf &#8220;\u039b\u03bf\u03b3\u03bf\u03c4\u03b5\u03c7\u03bd\u03af\u03b1 \u03ba\u03b1\u03b9 \u039c\u03bf\u03c5\u03c3\u03b5\u03af\u03bf&#8221;\u00bb, Art &amp; Life, \u039c\u03ac\u03c1\u03c4\u03b9\u03bf\u03c2 2015 \u0386\u03bd\u03bd\u03b1 \u03a4\u03b1\u03bc\u03c0\u03ac\u03ba\u03b7, \u00ab\u03a4\u03b9 \u03b5\u03af\u03bd\u03b1\u03b9&hellip;\" \/>\n<meta property=\"og:url\" content=\"https:\/\/eegsg.gr\/index.php\/dimosiefseis\/\" \/>\n<meta property=\"og:site_name\" content=\"\u0395\u039b\u039b\u0397\u039d\u0399\u039a\u0397 \u0395\u03a4\u0391\u0399\u03a1\u0395\u0399\u0391 \u0393\u0395\u039d\u0399\u039a\u0397\u03a3 \u039a\u0391\u0399 \u03a3\u03a5\u0393\u039a\u03a1\u0399\u03a4\u0399\u039a\u0397\u03a3 \u0393\u03a1\u0391\u039c\u039c\u0391\u03a4\u039f\u039b\u039f\u0393\u0399\u0391\u03a3\" \/>\n<meta property=\"article:modified_time\" content=\"2025-02-11T18:35:01+00:00\" \/>\n<meta name=\"twitter:card\" content=\"summary_large_image\" \/>\n<meta name=\"twitter:label1\" content=\"\u0395\u03ba\u03c4\u03b9\u03bc\u03ce\u03bc\u03b5\u03bd\u03bf\u03c2 \u03c7\u03c1\u03cc\u03bd\u03bf\u03c2 \u03b1\u03bd\u03ac\u03b3\u03bd\u03c9\u03c3\u03b7\u03c2\" \/>\n\t<meta name=\"twitter:data1\" content=\"2 \u03bb\u03b5\u03c0\u03c4\u03ac\" \/>\n<script type=\"application\/ld+json\" class=\"yoast-schema-graph\">{\"@context\":\"https:\/\/schema.org\",\"@graph\":[{\"@type\":\"WebPage\",\"@id\":\"https:\/\/eegsg.gr\/index.php\/dimosiefseis\/\",\"url\":\"https:\/\/eegsg.gr\/index.php\/dimosiefseis\/\",\"name\":\"\u0394\u03b7\u03bc\u03bf\u03c3\u03b9\u03b5\u03cd\u03c3\u03b5\u03b9\u03c2 - \u0395\u039b\u039b\u0397\u039d\u0399\u039a\u0397 \u0395\u03a4\u0391\u0399\u03a1\u0395\u0399\u0391 \u0393\u0395\u039d\u0399\u039a\u0397\u03a3 \u039a\u0391\u0399 \u03a3\u03a5\u0393\u039a\u03a1\u0399\u03a4\u0399\u039a\u0397\u03a3 \u0393\u03a1\u0391\u039c\u039c\u0391\u03a4\u039f\u039b\u039f\u0393\u0399\u0391\u03a3\",\"isPartOf\":{\"@id\":\"https:\/\/eegsg.gr\/#website\"},\"datePublished\":\"2025-02-11T18:25:43+00:00\",\"dateModified\":\"2025-02-11T18:35:01+00:00\",\"breadcrumb\":{\"@id\":\"https:\/\/eegsg.gr\/index.php\/dimosiefseis\/#breadcrumb\"},\"inLanguage\":\"el\",\"potentialAction\":[{\"@type\":\"ReadAction\",\"target\":[\"https:\/\/eegsg.gr\/index.php\/dimosiefseis\/\"]}]},{\"@type\":\"BreadcrumbList\",\"@id\":\"https:\/\/eegsg.gr\/index.php\/dimosiefseis\/#breadcrumb\",\"itemListElement\":[{\"@type\":\"ListItem\",\"position\":1,\"name\":\"\u0391\u03c1\u03c7\u03b9\u03ba\u03ae\",\"item\":\"https:\/\/eegsg.gr\/\"},{\"@type\":\"ListItem\",\"position\":2,\"name\":\"\u0394\u03b7\u03bc\u03bf\u03c3\u03b9\u03b5\u03cd\u03c3\u03b5\u03b9\u03c2\"}]},{\"@type\":\"WebSite\",\"@id\":\"https:\/\/eegsg.gr\/#website\",\"url\":\"https:\/\/eegsg.gr\/\",\"name\":\"\u0395\u039b\u039b\u0397\u039d\u0399\u039a\u0397 \u0395\u03a4\u0391\u0399\u03a1\u0395\u0399\u0391 \u0393\u0395\u039d\u0399\u039a\u0397\u03a3 \u039a\u0391\u0399 \u03a3\u03a5\u0393\u039a\u03a1\u0399\u03a4\u0399\u039a\u0397\u03a3 \u0393\u03a1\u0391\u039c\u039c\u0391\u03a4\u039f\u039b\u039f\u0393\u0399\u0391\u03a3\",\"description\":\"\",\"potentialAction\":[{\"@type\":\"SearchAction\",\"target\":{\"@type\":\"EntryPoint\",\"urlTemplate\":\"https:\/\/eegsg.gr\/?s={search_term_string}\"},\"query-input\":{\"@type\":\"PropertyValueSpecification\",\"valueRequired\":true,\"valueName\":\"search_term_string\"}}],\"inLanguage\":\"el\"}]}<\/script>\n<!-- \/ Yoast SEO plugin. -->","yoast_head_json":{"title":"\u0394\u03b7\u03bc\u03bf\u03c3\u03b9\u03b5\u03cd\u03c3\u03b5\u03b9\u03c2 - \u0395\u039b\u039b\u0397\u039d\u0399\u039a\u0397 \u0395\u03a4\u0391\u0399\u03a1\u0395\u0399\u0391 \u0393\u0395\u039d\u0399\u039a\u0397\u03a3 \u039a\u0391\u0399 \u03a3\u03a5\u0393\u039a\u03a1\u0399\u03a4\u0399\u039a\u0397\u03a3 \u0393\u03a1\u0391\u039c\u039c\u0391\u03a4\u039f\u039b\u039f\u0393\u0399\u0391\u03a3","robots":{"index":"index","follow":"follow","max-snippet":"max-snippet:-1","max-image-preview":"max-image-preview:large","max-video-preview":"max-video-preview:-1"},"canonical":"https:\/\/eegsg.gr\/index.php\/dimosiefseis\/","og_locale":"el_GR","og_type":"article","og_title":"\u0394\u03b7\u03bc\u03bf\u03c3\u03b9\u03b5\u03cd\u03c3\u03b5\u03b9\u03c2 - \u0395\u039b\u039b\u0397\u039d\u0399\u039a\u0397 \u0395\u03a4\u0391\u0399\u03a1\u0395\u0399\u0391 \u0393\u0395\u039d\u0399\u039a\u0397\u03a3 \u039a\u0391\u0399 \u03a3\u03a5\u0393\u039a\u03a1\u0399\u03a4\u0399\u039a\u0397\u03a3 \u0393\u03a1\u0391\u039c\u039c\u0391\u03a4\u039f\u039b\u039f\u0393\u0399\u0391\u03a3","og_description":"[vc_row][vc_column][vc_empty_space height=&#8221;10px&#8221;][vc_separator css=&#8221;&#8221;][vc_empty_space height=&#8221;7px&#8221;][vc_column_text css=&#8221;&#8221;] \u0386\u03bd\u03bd\u03b1 \u03a4\u03b1\u03bc\u03c0\u03ac\u03ba\u03b7, \u00ab\u0388\u03c6\u03c5\u03b3\u03b5 \u03ad\u03bd\u03b1\u03c2 &#8220;\u03b5\u03c5\u03c0\u03b1\u03c4\u03c1\u03af\u03b4\u03b7\u03c2&#8221; \u03c4\u03b7\u03c2 \u03a3\u03c5\u03b3\u03ba\u03c1\u03b9\u03c4\u03b9\u03ba\u03ae\u03c2 \u03a6\u03b9\u03bb\u03bf\u03bb\u03bf\u03b3\u03af\u03b1\u03c2\u00bb, \u03a4\u03bf \u0392\u03ae\u03bc\u03b1, 21 \u0391\u03c0\u03c1\u03b9\u03bb\u03af\u03bf\u03c5 2023. \u0395\u03c5\u03c1\u03b9\u03c0\u03af\u03b4\u03b7\u03c2 \u0393\u03b1\u03c1\u03b1\u03bd\u03c4\u03bf\u03cd\u03b4\u03b7\u03c2, \u00ab\u0397 \u03bd\u03b5\u03bf\u03b5\u03bb\u03bb\u03b7\u03bd\u03b9\u03ba\u03ae \u03c6\u03b9\u03bb\u03bf\u03bb\u03bf\u03b3\u03af\u03b1 \u03c7\u03b8\u03b5\u03c2, \u03c3\u03ae\u03bc\u03b5\u03c1\u03b1, \u03b1\u03cd\u03c1\u03b9\u03bf\u00bb, \u039f \u03b1\u03bd\u03b1\u03b3\u03bd\u03ce\u03c3\u03c4\u03b7\u03c2, \u0394\u03b5\u03ba\u03ad\u03bc\u03b2\u03c1\u03b9\u03bf\u03c2 2022. \u03a4\u03af\u03bd\u03b1 \u03a7\u03c1\u03b7\u03c3\u03c4\u03af\u03b4\u03b7, \u00ab\u03a4\u03b1 \u03c4\u03bf\u03c0\u03af\u03b1 \u03c9\u03c2 \u03a7\u03ac\u03c1\u03c4\u03b7\u03c2 \u03bd\u03b5\u03c1\u03bf\u03cd\u00bb, \u03a7\u03ac\u03c1\u03c4\u03b7\u03c2, \u03c4\u03c7. 21, \u03a3\u03b5\u03c0\u03c4\u03ad\u03bc\u03b2\u03c1\u03b9\u03bf\u03c2 2020. \u00ab\u03a3\u03c5\u03bd\u03ad\u03b4\u03c1\u03b9\u03bf &#8220;\u039b\u03bf\u03b3\u03bf\u03c4\u03b5\u03c7\u03bd\u03af\u03b1 \u03ba\u03b1\u03b9 \u039c\u03bf\u03c5\u03c3\u03b5\u03af\u03bf&#8221;\u00bb, Art &amp; Life, \u039c\u03ac\u03c1\u03c4\u03b9\u03bf\u03c2 2015 \u0386\u03bd\u03bd\u03b1 \u03a4\u03b1\u03bc\u03c0\u03ac\u03ba\u03b7, \u00ab\u03a4\u03b9 \u03b5\u03af\u03bd\u03b1\u03b9&hellip;","og_url":"https:\/\/eegsg.gr\/index.php\/dimosiefseis\/","og_site_name":"\u0395\u039b\u039b\u0397\u039d\u0399\u039a\u0397 \u0395\u03a4\u0391\u0399\u03a1\u0395\u0399\u0391 \u0393\u0395\u039d\u0399\u039a\u0397\u03a3 \u039a\u0391\u0399 \u03a3\u03a5\u0393\u039a\u03a1\u0399\u03a4\u0399\u039a\u0397\u03a3 \u0393\u03a1\u0391\u039c\u039c\u0391\u03a4\u039f\u039b\u039f\u0393\u0399\u0391\u03a3","article_modified_time":"2025-02-11T18:35:01+00:00","twitter_card":"summary_large_image","twitter_misc":{"\u0395\u03ba\u03c4\u03b9\u03bc\u03ce\u03bc\u03b5\u03bd\u03bf\u03c2 \u03c7\u03c1\u03cc\u03bd\u03bf\u03c2 \u03b1\u03bd\u03ac\u03b3\u03bd\u03c9\u03c3\u03b7\u03c2":"2 \u03bb\u03b5\u03c0\u03c4\u03ac"},"schema":{"@context":"https:\/\/schema.org","@graph":[{"@type":"WebPage","@id":"https:\/\/eegsg.gr\/index.php\/dimosiefseis\/","url":"https:\/\/eegsg.gr\/index.php\/dimosiefseis\/","name":"\u0394\u03b7\u03bc\u03bf\u03c3\u03b9\u03b5\u03cd\u03c3\u03b5\u03b9\u03c2 - \u0395\u039b\u039b\u0397\u039d\u0399\u039a\u0397 \u0395\u03a4\u0391\u0399\u03a1\u0395\u0399\u0391 \u0393\u0395\u039d\u0399\u039a\u0397\u03a3 \u039a\u0391\u0399 \u03a3\u03a5\u0393\u039a\u03a1\u0399\u03a4\u0399\u039a\u0397\u03a3 \u0393\u03a1\u0391\u039c\u039c\u0391\u03a4\u039f\u039b\u039f\u0393\u0399\u0391\u03a3","isPartOf":{"@id":"https:\/\/eegsg.gr\/#website"},"datePublished":"2025-02-11T18:25:43+00:00","dateModified":"2025-02-11T18:35:01+00:00","breadcrumb":{"@id":"https:\/\/eegsg.gr\/index.php\/dimosiefseis\/#breadcrumb"},"inLanguage":"el","potentialAction":[{"@type":"ReadAction","target":["https:\/\/eegsg.gr\/index.php\/dimosiefseis\/"]}]},{"@type":"BreadcrumbList","@id":"https:\/\/eegsg.gr\/index.php\/dimosiefseis\/#breadcrumb","itemListElement":[{"@type":"ListItem","position":1,"name":"\u0391\u03c1\u03c7\u03b9\u03ba\u03ae","item":"https:\/\/eegsg.gr\/"},{"@type":"ListItem","position":2,"name":"\u0394\u03b7\u03bc\u03bf\u03c3\u03b9\u03b5\u03cd\u03c3\u03b5\u03b9\u03c2"}]},{"@type":"WebSite","@id":"https:\/\/eegsg.gr\/#website","url":"https:\/\/eegsg.gr\/","name":"\u0395\u039b\u039b\u0397\u039d\u0399\u039a\u0397 \u0395\u03a4\u0391\u0399\u03a1\u0395\u0399\u0391 \u0393\u0395\u039d\u0399\u039a\u0397\u03a3 \u039a\u0391\u0399 \u03a3\u03a5\u0393\u039a\u03a1\u0399\u03a4\u0399\u039a\u0397\u03a3 \u0393\u03a1\u0391\u039c\u039c\u0391\u03a4\u039f\u039b\u039f\u0393\u0399\u0391\u03a3","description":"","potentialAction":[{"@type":"SearchAction","target":{"@type":"EntryPoint","urlTemplate":"https:\/\/eegsg.gr\/?s={search_term_string}"},"query-input":{"@type":"PropertyValueSpecification","valueRequired":true,"valueName":"search_term_string"}}],"inLanguage":"el"}]}},"_links":{"self":[{"href":"https:\/\/eegsg.gr\/index.php\/wp-json\/wp\/v2\/pages\/341","targetHints":{"allow":["GET"]}}],"collection":[{"href":"https:\/\/eegsg.gr\/index.php\/wp-json\/wp\/v2\/pages"}],"about":[{"href":"https:\/\/eegsg.gr\/index.php\/wp-json\/wp\/v2\/types\/page"}],"author":[{"embeddable":true,"href":"https:\/\/eegsg.gr\/index.php\/wp-json\/wp\/v2\/users\/1"}],"replies":[{"embeddable":true,"href":"https:\/\/eegsg.gr\/index.php\/wp-json\/wp\/v2\/comments?post=341"}],"version-history":[{"count":1,"href":"https:\/\/eegsg.gr\/index.php\/wp-json\/wp\/v2\/pages\/341\/revisions"}],"predecessor-version":[{"id":342,"href":"https:\/\/eegsg.gr\/index.php\/wp-json\/wp\/v2\/pages\/341\/revisions\/342"}],"wp:attachment":[{"href":"https:\/\/eegsg.gr\/index.php\/wp-json\/wp\/v2\/media?parent=341"}],"curies":[{"name":"wp","href":"https:\/\/api.w.org\/{rel}","templated":true}]}}